{"id":2399,"date":"2019-10-31T21:48:39","date_gmt":"2019-10-31T21:48:39","guid":{"rendered":"http:\/\/krogvig.com\/?page_id=2399"},"modified":"2026-03-14T15:50:11","modified_gmt":"2026-03-14T15:50:11","slug":"hjem","status":"publish","type":"page","link":"https:\/\/krogvig.com\/","title":{"rendered":"Hjem"},"content":{"rendered":"<div class=\"brz-root__container brz-reset-all\">\n<section data-uid=\"jzgetdgobxpzwjkjksemzwuxvwodxrhpiuxg\" id=\"jzgetdgobxpzwjkjksemzwuxvwodxrhpiuxg\" class=\"brz-section brz-css-iaqrc\">\n<div class=\"brz-section__content brz-section--boxed brz-css-lszbg brz-css-vxqyc\" data-custom-id=\"xzyhtcepxxpxdjhhjwfruaycueafbjyxwgjz\">\n<div class=\"brz-bg\">\n<div class=\"brz-bg-color\"><\/div>\n<\/div>\n<div class=\"brz-container brz-css-cayfg\">\n<div class=\"brz-row__container brz-css-hsqfv\" data-custom-id=\"mhgyspbsqojfgcrrdtgmiirlockcvoirtrmv\">\n<div class=\"brz-row brz-css-dxekj brz-css-rsxii\">\n<div class=\"brz-columns brz-css-wbrky brz-css-exjic\" data-custom-id=\"ffkmvlgjpjppdpnrptsvverrwnvjwaarczmr\">\n<div class=\"brz-column__items brz-css-ocwjh\">\n<div class=\"brz-css-dfljj brz-css-owprp brz-wrapper\">\n<div class=\"brz-rich-text brz-css-zxuuv\" data-custom-id=\"iepjruvghnwbvjxldcqgnyeihpsjfmtfatqv\">\n<p class=\"brz-lh-xs-1 brz-ls-xs-0 brz-fw-xs-400 brz-text-xs-justify brz-fs-xs-18 brz-mb-xs-0 brz-tp-heading1 brz-ff-lato brz-ft-google brz-fw-lg-300 brz-fw-sm-im-300 brz-mt-xs-0 brz-mb-sm-0\"><span style=\"color: rgb(255, 252, 252);\">Finn Krogvig<\/span><\/p>\n<p class=\"brz-lh-lg-1_3 brz-lh-sm-im-1_2 brz-lh-xs-im-1_3 brz-fs-lg-21 brz-fs-sm-im-13 brz-fs-xs-im-11 brz-ls-lg-m_1_5 brz-ls-sm-im-m_1 brz-ls-xs-im-m_1 brz-ff-lato brz-ft-google brz-fw-lg-400 brz-fw-sm-im-400 brz-fw-xs-im-400 brz-mb-sm-9\"><span style=\"color: rgb(255, 252, 252);\">&#8211; film &amp; TV- klipper<\/span><\/p>\n<\/div>\n<\/div>\n<div class=\"brz-css-dfljj brz-css-gauev brz-wrapper\">\n<div class=\"brz-line brz-css-gjwbl brz-css-vybmz\" data-custom-id=\"wfzopjrriayzvecpwzyigkbfvhwszfjlxclj\">\n<hr class=\"brz-hr\"><\/div>\n<\/div>\n<div class=\"brz-css-dfljj brz-wrapper\">\n<div class=\"brz-menu-simple brz-css-ghoxi brz-css-pgorn\">\n<div style=\"min-height:20px\">{{editor_navigation name=&#8221;meny&#8221;}}<\/div>\n<\/div>\n<\/div>\n<div class=\"brz-css-dfljj brz-css-julwx brz-wrapper\">\n<div class=\"brz-line brz-css-gjwbl brz-css-pkekp\" data-custom-id=\"xqiujtfiqikerxbvktxusbxndakzpqydnxbs\">\n<hr class=\"brz-hr\"><\/div>\n<\/div>\n<\/div>\n<\/div>\n<\/div>\n<\/div>\n<div class=\"brz-row__container brz-css-hsqfv\" data-custom-id=\"uqevjzmqvswlcqkkzwhigaqoqyjipmczrpnz\">\n<div class=\"brz-row brz-css-dxekj brz-css-rsxii\">\n<div class=\"brz-columns brz-css-wbrky\" data-custom-id=\"bgliyocpqdkovzmzknqmstzwcnxhduzwmtzg\">\n<div class=\"brz-column__items brz-css-ocwjh\">\n<div class=\"brz-css-dfljj brz-css-uuajp brz-wrapper\">\n<div class=\"brz-image brz-css-dtuur\"><picture class=\"brz-picture brz-d-block brz-p-relative brz-css-izvfe\" data-custom-id=\"fifqhkttptefklgkymjwdjitpuzuyvtwsuua\"><source srcset=\"{@brizy_SITE_URL_PLACEHOLDER@}\/?brizy_media=wp-64d6888a5f18eb9e6365bead90b263d4&amp;brizy_crop=iW%3D555%26iH%3D416%26oX%3D0%26oY%3D0%26cW%3D555%26cH%3D416&amp;brizy_post=2399 1x, {@brizy_SITE_URL_PLACEHOLDER@}\/?brizy_media=wp-64d6888a5f18eb9e6365bead90b263d4&amp;brizy_crop=iW%3D1110%26iH%3D832%26oX%3D0%26oY%3D0%26cW%3D1110%26cH%3D832&amp;brizy_post=2399 2x\" media=\"(min-width: 992px)\"><source srcset=\"{@brizy_SITE_URL_PLACEHOLDER@}\/?brizy_media=wp-64d6888a5f18eb9e6365bead90b263d4&amp;brizy_crop=iW%3D339%26iH%3D254%26oX%3D0%26oY%3D0%26cW%3D339%26cH%3D254&amp;brizy_post=2399 1x, {@brizy_SITE_URL_PLACEHOLDER@}\/?brizy_media=wp-64d6888a5f18eb9e6365bead90b263d4&amp;brizy_crop=iW%3D678%26iH%3D508%26oX%3D0%26oY%3D0%26cW%3D678%26cH%3D508&amp;brizy_post=2399 2x\" media=\"(min-width: 768px)\"><img decoding=\"async\" class=\"brz-img brz-p-absolute\" srcset=\"{@brizy_SITE_URL_PLACEHOLDER@}\/?brizy_media=wp-64d6888a5f18eb9e6365bead90b263d4&amp;brizy_crop=iW%3D382%26iH%3D287%26oX%3D0%26oY%3D0%26cW%3D382%26cH%3D287&amp;brizy_post=2399 1x, {@brizy_SITE_URL_PLACEHOLDER@}\/?brizy_media=wp-64d6888a5f18eb9e6365bead90b263d4&amp;brizy_crop=iW%3D764%26iH%3D574%26oX%3D0%26oY%3D0%26cW%3D764%26cH%3D574&amp;brizy_post=2399 2x\" src=\"{@brizy_SITE_URL_PLACEHOLDER@}\/?brizy_media=wp-64d6888a5f18eb9e6365bead90b263d4&amp;brizy_crop=iW%3D555%26iH%3D416%26oX%3D0%26oY%3D0%26cW%3D555%26cH%3D416&amp;brizy_post=2399\" alt=\"{{ brizy_dc_image_alt uid=&#x27;wp-64d6888a5f18eb9e6365bead90b263d4&#x27; }}\" draggable=\"false\" loading=\"lazy\"><\/picture><\/div>\n<\/div>\n<\/div>\n<\/div>\n<div class=\"brz-columns brz-css-wbrky brz-css-siqsk\" data-custom-id=\"zgijtydsgeutoldgzrbafyewjsvyvvhdhdxa\">\n<div class=\"brz-column__items brz-css-ocwjh brz-css-rvtsy\">\n<div class=\"brz-css-dfljj brz-css-xuxem brz-wrapper\">\n<div class=\"brz-rich-text brz-css-zxuuv\" data-custom-id=\"dvalxlixonanwjpjetopdfvvthejqkeqcbbm\">\n<h2 class=\"brz-text-xs-center brz-text-lg-left brz-lh-lg-1_3 brz-lh-sm-im-1_2 brz-lh-xs-im-1_3 brz-fs-lg-36 brz-fs-sm-im-30 brz-fs-xs-im-28 brz-ls-lg-m_1_5 brz-ls-sm-im-m_1 brz-ls-xs-im-m_1 brz-ff-lato brz-ft-google brz-fw-lg-300 brz-fw-sm-im-300 brz-fw-xs-im-300\"><span class=\"brz-cp-color2\">Finn Krogvig<\/span><\/h2>\n<\/div>\n<\/div>\n<div class=\"brz-css-dfljj brz-css-wzvdz brz-wrapper\">\n<div class=\"brz-rich-text brz-css-zxuuv\" data-custom-id=\"nitdsgpicmaxqtyscgkmncdphwbawtrdvrlq\">\n<p class=\"brz-text-xs-center brz-text-lg-left brz-tp-subtitle brz-mb-xs-15 brz-mb-lg-0 brz-mt-lg-0\"><span style=\"color: rgb(9, 158, 146);\">-En film&amp;TV-klipper som tenker i regiss\u00f8rens baner.<\/span><\/p>\n<\/div>\n<\/div>\n<div class=\"brz-css-dfljj brz-wrapper\">\n<div class=\"brz-rich-text brz-css-zxuuv\" data-custom-id=\"mnyprrxrncjduianuanhjyoomzbvzgqvuhyt\">\n<p class=\"brz-fs-xs-14 brz-ls-xs-0 brz-mb-xs-15 brz-text-xs-center brz-mb-lg-20 brz-ls-lg-0 brz-ls-sm-im-0 brz-fs-lg-15 brz-fs-sm-im-14 brz-lh-lg-1_7 brz-lh-sm-im-1_4 brz-lh-xs-im-1_4 brz-ft-google brz-fw-lg-400 brz-fw-sm-im-400 brz-fw-xs-im-400 brz-ff-overpass\"><strong style=\"color: rgb(251, 248, 248);\">Jeg har kjent p\u00e5 kroppen hvor vanskelig det kan v\u00e6re \u00e5 levere b\u00e5de som skuespiller og regiss\u00f8r. Den beste tiden i klipperommet er n\u00e5r klipper og regiss\u00f8r kan forme karakterenes indre liv og filmfortellingens vesen \u2013 utforske mulighetene og utfordre konvensjonene n\u00e5r det trengs.<\/strong><\/p>\n<\/div>\n<\/div>\n<\/div>\n<\/div>\n<\/div>\n<\/div>\n<\/div>\n<\/div>\n<\/section>\n<section data-uid=\"pqespylxxofgncvakmexadzsmooialatuqhj\" id=\"Faglig st\u00e5sted\" class=\"brz-section brz-css-iaqrc\">\n<div class=\"brz-section__content brz-section--boxed brz-css-lszbg brz-css-gatjb\" data-custom-id=\"azgbclavvdhgqcbbxfrjczcalsdqpmqtznyc\">\n<div class=\"brz-container brz-css-cayfg brz-css-dazmy\">\n<div class=\"brz-wrapper-clone brz-css-kkopm\">\n<div class=\"brz-d-xs-flex brz-flex-xs-wrap brz-css-sghko\">\n<div class=\"brz-wrapper-clone__item brz-css-fxhpl\" id=\"ewyhmhyrhwswrtiwsqqqbladukfdrhjphkvc\">\n<div class=\"brz-icon__container\" data-custom-id=\"ewyhmhyrhwswrtiwsqqqbladukfdrhjphkvc\"><span class=\"brz-span brz-icon css-160tlmi\"><svg id=\"nc_icon\" version=\"1.1\" xmlns=\"http:\/\/www.w3.org\/2000\/svg\" xmlns:xlink=\"http:\/\/www.w3.org\/1999\/xlink\" x=\"0px\" y=\"0px\" viewbox=\"0 0 24 24\" xml:space=\"preserve\" class=\"brz-icon-svg\" data-type=\"glyph\" data-name=\"video-67\"><g class=\"nc-icon-wrapper\" fill=\"currentColor\"><path fill=\"currentColor\" d=\"M20.5,3.5C18.2,1.2,15.2,0,12,0S5.8,1.2,3.5,3.5c-4.7,4.7-4.7,12.3,0,17C5.8,22.8,8.8,24,12,24 s6.2-1.2,8.5-3.5C25.2,15.8,25.2,8.2,20.5,3.5z M6,14c-1.1,0-2-0.9-2-2c0-1.1,0.9-2,2-2s2,0.9,2,2C8,13.1,7.1,14,6,14z M12,20 c-1.1,0-2-0.9-2-2c0-1.1,0.9-2,2-2s2,0.9,2,2C14,19.1,13.1,20,12,20z M12,8c-1.1,0-2-0.9-2-2c0-1.1,0.9-2,2-2s2,0.9,2,2 C14,7.1,13.1,8,12,8z M18,14c-1.1,0-2-0.9-2-2c0-1.1,0.9-2,2-2s2,0.9,2,2C20,13.1,19.1,14,18,14z\"\/><\/g><\/svg><\/span><\/div>\n<\/div>\n<\/div>\n<\/div>\n<div class=\"brz-row__container brz-css-hsqfv\" data-custom-id=\"mmcocvvovqacsrilyprfljpmvqdcagnbxdmj\">\n<div class=\"brz-row brz-css-dxekj brz-css-rsxii\">\n<div class=\"brz-columns brz-css-wbrky brz-css-qbhfb\" data-custom-id=\"ztmknugicagztqgsprczprkphpkqxqguwbem\">\n<div class=\"brz-column__items brz-css-ocwjh brz-css-jsuqb\">\n<div class=\"brz-css-dfljj brz-wrapper\">\n<div class=\"brz-rich-text brz-css-zxuuv\" data-custom-id=\"amszipqysaoixzjamuxudqfksvudtiwptrwr\">\n<h2 class=\"brz-tp-heading2\"><span class=\"brz-cp-color2\">Faglig st\u00e5sted<\/span><\/h2>\n<\/div>\n<\/div>\n<div class=\"brz-css-dfljj brz-css-chyvp brz-css-ibgxp brz-wrapper\">\n<div class=\"brz-spacer brz-css-gfkql brz-css-irjbh\"><\/div>\n<\/div>\n<div class=\"brz-css-dfljj brz-wrapper\">\n<div class=\"brz-rich-text brz-css-zxuuv\" data-custom-id=\"euoknnnftesvmgsrrtsvytwxbbrfxvqnoapg\">\n<p class=\"brz-tp-paragraph\"><span style=\"color: rgb(1, 118, 107);\">En grunnmur for kreative valg.<\/span><\/p>\n<\/div>\n<\/div>\n<div class=\"brz-css-dfljj brz-css-fudfo brz-wrapper\">\n<div class=\"brz-image brz-css-nbzay\"><picture class=\"brz-picture brz-d-block brz-p-relative brz-css-yuuqr\" data-custom-id=\"xbmxqysqjuxjgcydjnppqticqsaqlcltbnub\"><source srcset=\"{@brizy_SITE_URL_PLACEHOLDER@}\/?brizy_media=wp-4c3076c1d1bdcd81239ddac6a2725390&amp;brizy_crop=iW%3D187%26iH%3D143%26oX%3D2%26oY%3D0%26cW%3D169%26cH%3D143&amp;brizy_post=2399 1x, {@brizy_SITE_URL_PLACEHOLDER@}\/?brizy_media=wp-4c3076c1d1bdcd81239ddac6a2725390&amp;brizy_crop=iW%3D374%26iH%3D286%26oX%3D4%26oY%3D0%26cW%3D338%26cH%3D286&amp;brizy_post=2399 2x\" media=\"(min-width: 992px)\"><source srcset=\"{@brizy_SITE_URL_PLACEHOLDER@}\/?brizy_media=wp-4c3076c1d1bdcd81239ddac6a2725390&amp;brizy_crop=iW%3D149%26iH%3D114%26oX%3D16%26oY%3D0%26cW%3D105%26cH%3D114&amp;brizy_post=2399 1x, {@brizy_SITE_URL_PLACEHOLDER@}\/?brizy_media=wp-4c3076c1d1bdcd81239ddac6a2725390&amp;brizy_crop=iW%3D298%26iH%3D228%26oX%3D32%26oY%3D0%26cW%3D210%26cH%3D228&amp;brizy_post=2399 2x\" media=\"(min-width: 768px)\"><img decoding=\"async\" class=\"brz-img brz-p-absolute\" srcset=\"{@brizy_SITE_URL_PLACEHOLDER@}\/?brizy_media=wp-4c3076c1d1bdcd81239ddac6a2725390&amp;brizy_crop=iW%3D235%26iH%3D180%26oX%3D2%26oY%3D0%26cW%3D212%26cH%3D180&amp;brizy_post=2399 1x, {@brizy_SITE_URL_PLACEHOLDER@}\/?brizy_media=wp-4c3076c1d1bdcd81239ddac6a2725390&amp;brizy_crop=iW%3D470%26iH%3D360%26oX%3D4%26oY%3D0%26cW%3D424%26cH%3D360&amp;brizy_post=2399 2x\" src=\"{@brizy_SITE_URL_PLACEHOLDER@}\/?brizy_media=wp-4c3076c1d1bdcd81239ddac6a2725390&amp;brizy_crop=iW%3D187%26iH%3D143%26oX%3D2%26oY%3D0%26cW%3D169%26cH%3D143&amp;brizy_post=2399\" alt=\"{{ brizy_dc_image_alt uid=&#x27;wp-4c3076c1d1bdcd81239ddac6a2725390&#x27; }}\" draggable=\"false\" loading=\"lazy\"><\/picture><\/div>\n<\/div>\n<\/div>\n<\/div>\n<div class=\"brz-columns brz-css-wbrky brz-css-vbvaq\" data-custom-id=\"klisvvmuwxvnlfbolfgeihrjdpwaqjcicrzt\">\n<div class=\"brz-column__items brz-css-ocwjh brz-css-hvhrg\">\n<div class=\"brz-css-dfljj brz-css-ksuke brz-wrapper\">\n<div class=\"brz-rich-text brz-css-zxuuv\" data-custom-id=\"rmvrqxmvnxrdalxxtelusxwyxzfqdljchwda\">\n<h4 class=\"brz-tp-paragraph\"><span style=\"color: rgb(55, 55, 55);\">Jeg er en praktiker som har f\u00e5tt min faglige grunnmur fra spillefilm- og kortfilmmilj\u00f8et.   Erfaringer fra flere ulike fag i filmskapingen har gitt meg en god bakgrunn for \u00e5 diskutere filmfortellermessige l\u00f8sninger for klippen. Jeg har opplevd skuespillerens utfordringer foran kameraet og erfart hvor vrient det kan v\u00e6re \u00e5 gi god regi.  I de fleste tilfeller er jeg tilhenger av klassisk dramaturgi innenfor fortellerkunsten. Men fortellerkunsten er alltid under utvikling og lykkes man med \u00e5 tenke &#8220;utenfor boksen&#8221; er det det mest spennende og tilfredstillende. <\/span><\/h4>\n<h4 class=\"brz-tp-paragraph\"><span style=\"color: rgb(55, 55, 55);\"> <\/span><\/h4>\n<h4 class=\"brz-tp-paragraph\"><span style=\"color: rgb(55, 55, 55); opacity: 1;\">De som leser min CV vil oppdage at jeg har deltatt i flere kurs i \u201cMethod Acting\u201d. Og hva er det?&nbsp; \u201cMetoden\u201d er en m\u00e5te \u00e5 tiln\u00e6rme seg arbeidet med regi og skuespill. Det er en arbeidsmetode som skal gj\u00f8re det \u201clettere\u201d \u00e5 finne fram til et ekte uttrykk som skuespiller. Det arbeides bl. a. med \u00e5 bevisstgj\u00f8re seg sine egne sanseinntrykk og livserfaringer og \u00e5 hente fram fragmenter av disse for \u00e5 gjennskape ekte f\u00f8lelser, og legge grunn for ekte reaksjoner i skuespillerarbeidet.  I disse kursene var vi alle vekselvis regiss\u00f8rer og skuespillere som viste fram scener vi arbeidet med for hverandre. Det ble sjelsettende erfaringer med Marketa Kimbrell fra New York University som kursleder. Hun var en av de beste kjennerne av metoden og gikk selv p\u00e5 Actors Studio i New York under grunnleggeren Lee Strasbergs falke\u00f8yne. Hun var p\u00e5 Actors Studio samtidig med f.eks. Marilyn Monroe og Marlon Brando.&nbsp; Metoden ga meg et godt verkt\u00f8y i arbeidet med \u00e5 finne essensen i de enkelte scenene, vendepunkter og scenenes funksjon i helheten. Dette er grunnleggende dramaturgisk kunnskap, men erfaringene med \u201cmethod acting\u201d gj\u00f8r jeg f\u00f8ler jeg forst\u00e5r mine \u201dlagkamerater\u201d regiss\u00f8ren og skuespilleren ogs\u00e5 med hjerte og sjel. <\/span><\/h4>\n<\/div>\n<\/div>\n<\/div>\n<\/div>\n<\/div>\n<\/div>\n<\/div>\n<\/div>\n<\/section>\n<section data-uid=\"imrxhzdcpqiherbnpwfjimyohtycevuwfubr\" id=\"imrxhzdcpqiherbnpwfjimyohtycevuwfubr\" class=\"brz-section brz-css-iaqrc\">\n<div class=\"brz-section__content brz-section--boxed brz-css-lszbg brz-css-htfsw\" data-custom-id=\"tcmakqcbzvxfbyoqkglfckkqgucditdpygkq\">\n<div class=\"brz-bg\">\n<div class=\"brz-bg-color\"><\/div>\n<\/div>\n<div class=\"brz-container brz-css-cayfg\">\n<div class=\"brz-row__container brz-css-hsqfv\" data-custom-id=\"cebajzrykfzmmcfaglhkvpdbnzlstdjssugb\">\n<div class=\"brz-row brz-css-dxekj brz-css-rsxii\">\n<div class=\"brz-columns brz-css-wbrky brz-css-ivrax\" data-custom-id=\"aypgxuzzashgnzirnmikjfvqbpqoiuoaohmz\">\n<div class=\"brz-column__items brz-css-ocwjh\">\n<div class=\"brz-css-dfljj brz-css-zvloo brz-wrapper\">\n<div class=\"brz-line brz-css-gjwbl brz-css-ehhvk\" data-custom-id=\"clsoeekstzeamiiajmxoamiozgoxiyhcqlgp\">\n<hr class=\"brz-hr\"><\/div>\n<\/div>\n<div class=\"brz-css-dfljj brz-css-tyqqe brz-wrapper\">\n<div class=\"brz-menu-simple brz-css-ghoxi brz-css-eneao\">\n<div style=\"min-height:20px\">{{editor_navigation name=&#8221;meny&#8221;}}<\/div>\n<\/div>\n<\/div>\n<div class=\"brz-css-dfljj brz-css-hoheq brz-wrapper\">\n<div class=\"brz-line brz-css-gjwbl brz-css-mwlur\" data-custom-id=\"udftdxceqxkweyxaoeccifnywzvxngkqqhax\">\n<hr class=\"brz-hr\"><\/div>\n<\/div>\n<\/div>\n<\/div>\n<\/div>\n<\/div>\n<\/div>\n<\/div>\n<\/section>\n<section data-uid=\"cagbdbdqxbvahouusnexrstytaxbhwosnkzv\" id=\"cagbdbdqxbvahouusnexrstytaxbhwosnkzv\" class=\"brz-section brz-css-iaqrc\">\n<div class=\"brz-section__content brz-section--boxed brz-css-lszbg brz-css-cvrln\" data-custom-id=\"ihjoyiyxuyehuxuvitrsftnsoijoifhzbhnx\">\n<div class=\"brz-bg\">\n<div class=\"brz-bg-color\"><\/div>\n<\/div>\n<div class=\"brz-container brz-css-cayfg\"><\/div>\n<\/div>\n<\/section>\n<\/div>\n<p><!-- version:1623749742 --><\/p>\n","protected":false},"excerpt":{"rendered":"<p>Finn Krogvig &#8211; film &amp; TV- klipper {{editor_navigation name=&#8221;meny&#8221;}} Finn Krogvig -En film&amp;TV-klipper som tenker i regiss\u00f8rens baner. Jeg har kjent p\u00e5 kroppen hvor vanskelig det kan v\u00e6re \u00e5 levere b\u00e5de som skuespiller og regiss\u00f8r. Den beste tiden i klipperommet er n\u00e5r klipper og regiss\u00f8r kan forme karakterenes indre liv og filmfortellingens vesen \u2013 utforske [&hellip;]<\/p>\n","protected":false},"author":1,"featured_media":0,"parent":0,"menu_order":0,"comment_status":"closed","ping_status":"closed","template":"brizy-blank-template.php","meta":{"site-sidebar-layout":"default","site-content-layout":"default","ast-site-content-layout":"default","site-content-style":"default","site-sidebar-style":"default","ast-global-header-display":"","ast-banner-title-visibility":"","ast-main-header-display":"","ast-hfb-above-header-display":"","ast-hfb-below-header-display":"","ast-hfb-mobile-header-display":"","site-post-title":"","ast-breadcrumbs-content":"","ast-featured-img":"","footer-sml-layout":"","ast-disable-related-posts":"","theme-transparent-header-meta":"default","adv-header-id-meta":"","stick-header-meta":"","header-above-stick-meta":"","header-main-stick-meta":"","header-below-stick-meta":"","astra-migrate-meta-layouts":"default","ast-page-background-enabled":"default","ast-page-background-meta":{"desktop":{"background-color":"var(--ast-global-color-4)","background-image":"","background-repeat":"repeat","background-position":"center center","background-size":"auto","background-attachment":"scroll","background-type":"","background-media":"","overlay-type":"","overlay-color":"","overlay-opacity":"","overlay-gradient":""},"tablet":{"background-color":"","background-image":"","background-repeat":"repeat","background-position":"center center","background-size":"auto","background-attachment":"scroll","background-type":"","background-media":"","overlay-type":"","overlay-color":"","overlay-opacity":"","overlay-gradient":""},"mobile":{"background-color":"","background-image":"","background-repeat":"repeat","background-position":"center center","background-size":"auto","background-attachment":"scroll","background-type":"","background-media":"","overlay-type":"","overlay-color":"","overlay-opacity":"","overlay-gradient":""}},"ast-content-background-meta":{"desktop":{"background-color":"var(--ast-global-color-5)","background-image":"","background-repeat":"repeat","background-position":"center center","background-size":"auto","background-attachment":"scroll","background-type":"","background-media":"","overlay-type":"","overlay-color":"","overlay-opacity":"","overlay-gradient":""},"tablet":{"background-color":"var(--ast-global-color-5)","background-image":"","background-repeat":"repeat","background-position":"center center","background-size":"auto","background-attachment":"scroll","background-type":"","background-media":"","overlay-type":"","overlay-color":"","overlay-opacity":"","overlay-gradient":""},"mobile":{"background-color":"var(--ast-global-color-5)","background-image":"","background-repeat":"repeat","background-position":"center center","background-size":"auto","background-attachment":"scroll","background-type":"","background-media":"","overlay-type":"","overlay-color":"","overlay-opacity":"","overlay-gradient":""}},"footnotes":""},"class_list":["post-2399","page","type-page","status-publish","hentry"],"brizy_media":[{"id":2403,"url":"https:\/\/krogvig.com\/wp-content\/uploads\/brizy\/2399\/assets\/images\/a948db9bcd88d1f4567e2be564e76ebd7c2c958b.jpeg","name":"a948db9bcd88d1f4567e2be564e76ebd7c2c958b.jpeg","meta":{"brizy_attachment_uid":"a948db9bcd88d1f4567e2be564e76ebd7c2c958b.jpeg","brizy_post_uid":["bd527bd64d1333bd16e7f6a6a3cb98cf"]}},{"id":2404,"url":"https:\/\/krogvig.com\/wp-content\/uploads\/2019\/10\/MG_854574-Edit.jpg","name":"MG_854574-Edit.jpg","meta":{"brizy_attachment_uid":"wp-64d6888a5f18eb9e6365bead90b263d4","brizy_post_uid":["bd527bd64d1333bd16e7f6a6a3cb98cf"]}},{"id":7,"url":"https:\/\/krogvig.com\/wp-content\/uploads\/2015\/01\/lee.jpg","name":"lee.jpg","meta":{"brizy_attachment_uid":"wp-4c3076c1d1bdcd81239ddac6a2725390","brizy_post_uid":["bd527bd64d1333bd16e7f6a6a3cb98cf"]}},{"id":2450,"url":"https:\/\/krogvig.com\/wp-content\/uploads\/2019\/11\/fbfesvejgog-emanuel-hahn.jpg","name":"fbfesvejgog-emanuel-hahn.jpg","meta":{"brizy_attachment_uid":"wp-f28c8c4d68f9c36f022e309f255b2df8","brizy_post_uid":["bd527bd64d1333bd16e7f6a6a3cb98cf"]}},{"id":2555,"url":"https:\/\/krogvig.com\/wp-content\/uploads\/brizy\/2399\/assets\/images\/d03-Img-Bike.jpg","name":"d03-Img-Bike.jpg","meta":{"brizy_attachment_uid":"d03-Img-Bike.jpg","brizy_post_uid":["bd527bd64d1333bd16e7f6a6a3cb98cf"]}},{"id":2556,"url":"https:\/\/krogvig.com\/wp-content\/uploads\/brizy\/2399\/assets\/images\/d03-Img-Cup-Tea.jpg","name":"d03-Img-Cup-Tea.jpg","meta":{"brizy_attachment_uid":"d03-Img-Cup-Tea.jpg","brizy_post_uid":["bd527bd64d1333bd16e7f6a6a3cb98cf"]}},{"id":2557,"url":"https:\/\/krogvig.com\/wp-content\/uploads\/brizy\/2399\/assets\/images\/d03-Img-Girl-Shades.jpg","name":"d03-Img-Girl-Shades.jpg","meta":{"brizy_attachment_uid":"d03-Img-Girl-Shades.jpg","brizy_post_uid":["bd527bd64d1333bd16e7f6a6a3cb98cf"]}},{"id":2558,"url":"https:\/\/krogvig.com\/wp-content\/uploads\/brizy\/2399\/assets\/images\/d03-Img-Girl-Pillow.jpg","name":"d03-Img-Girl-Pillow.jpg","meta":{"brizy_attachment_uid":"d03-Img-Girl-Pillow.jpg","brizy_post_uid":["bd527bd64d1333bd16e7f6a6a3cb98cf"]}}],"_links":{"self":[{"href":"https:\/\/krogvig.com\/index.php?rest_route=\/wp\/v2\/pages\/2399","targetHints":{"allow":["GET"]}}],"collection":[{"href":"https:\/\/krogvig.com\/index.php?rest_route=\/wp\/v2\/pages"}],"about":[{"href":"https:\/\/krogvig.com\/index.php?rest_route=\/wp\/v2\/types\/page"}],"author":[{"embeddable":true,"href":"https:\/\/krogvig.com\/index.php?rest_route=\/wp\/v2\/users\/1"}],"replies":[{"embeddable":true,"href":"https:\/\/krogvig.com\/index.php?rest_route=%2Fwp%2Fv2%2Fcomments&post=2399"}],"version-history":[{"count":31,"href":"https:\/\/krogvig.com\/index.php?rest_route=\/wp\/v2\/pages\/2399\/revisions"}],"predecessor-version":[{"id":2682,"href":"https:\/\/krogvig.com\/index.php?rest_route=\/wp\/v2\/pages\/2399\/revisions\/2682"}],"wp:attachment":[{"href":"https:\/\/krogvig.com\/index.php?rest_route=%2Fwp%2Fv2%2Fmedia&parent=2399"}],"curies":[{"name":"wp","href":"https:\/\/api.w.org\/{rel}","templated":true}]}}